{"id":3633,"date":"2025-07-29T14:15:48","date_gmt":"2025-07-29T12:15:48","guid":{"rendered":"https:\/\/www.casa-de-dinca.com\/kontakt\/"},"modified":"2025-09-05T13:44:31","modified_gmt":"2025-09-05T11:44:31","slug":"contact","status":"publish","type":"page","link":"https:\/\/www.casa-de-dinca.com\/fr\/contact\/","title":{"rendered":"Contact"},"content":{"rendered":"\t\t<div data-elementor-type=\"wp-page\" data-elementor-id=\"3633\" class=\"elementor elementor-3633 elementor-46\" data-elementor-post-type=\"page\">\n\t\t\t\t<div class=\"elementor-element elementor-element-9260de8 e-flex e-con-boxed e-con e-parent\" data-id=\"9260de8\" data-element_type=\"container\" data-settings=\"{&quot;background_background&quot;:&quot;classic&quot;}\">\n\t\t\t\t\t<div class=\"e-con-inner\">\n\t\t<div class=\"elementor-element elementor-element-5e91ce0 e-con-full e-flex e-con e-child\" data-id=\"5e91ce0\" data-element_type=\"container\">\n\t\t\t\t<div class=\"elementor-element elementor-element-aa82d0c elementor-widget elementor-widget-heading\" data-id=\"aa82d0c\" data-element_type=\"widget\" data-widget_type=\"heading.default\">\n\t\t\t\t\t<h2 class=\"elementor-heading-title elementor-size-default\">Contactez-nous<\/h2>\t\t\t\t<\/div>\n\t\t\t\t<div class=\"elementor-element elementor-element-bcb6f69 elementor-widget elementor-widget-text-editor\" data-id=\"bcb6f69\" data-element_type=\"widget\" data-widget_type=\"text-editor.default\">\n\t\t\t\t\t\t\t\t\t<p>Pour toute question ou information, n&rsquo;h\u00e9sitez pas \u00e0 nous contacter. Nous sommes toujours l\u00e0 pour vous aider.<\/p>\t\t\t\t\t\t\t\t<\/div>\n\t\t\t\t<\/div>\n\t\t\t\t\t<\/div>\n\t\t\t\t<\/div>\n\t\t<div class=\"elementor-element elementor-element-41bd4b5a e-flex e-con-boxed e-con e-parent\" data-id=\"41bd4b5a\" data-element_type=\"container\" data-settings=\"{&quot;background_background&quot;:&quot;classic&quot;}\">\n\t\t\t\t\t<div class=\"e-con-inner\">\n\t\t<div class=\"elementor-element elementor-element-1cb9a170 e-con-full e-flex e-con e-child\" data-id=\"1cb9a170\" data-element_type=\"container\">\n\t\t<div class=\"elementor-element elementor-element-75d72013 e-con-full e-flex e-con e-child\" data-id=\"75d72013\" data-element_type=\"container\">\n\t\t<div class=\"elementor-element elementor-element-57892ffd e-con-full e-flex e-con e-child\" data-id=\"57892ffd\" data-element_type=\"container\">\n\t\t\t\t<div class=\"elementor-element elementor-element-353dfada elementor-position-left elementor-view-default elementor-mobile-position-top elementor-vertical-align-top elementor-widget elementor-widget-icon-box\" data-id=\"353dfada\" data-element_type=\"widget\" data-widget_type=\"icon-box.default\">\n\t\t\t\t\t\t\t<div class=\"elementor-icon-box-wrapper\">\n\n\t\t\t\t\t\t<div class=\"elementor-icon-box-icon\">\n\t\t\t\t<a href=\"mailto:ivan.boban0@gmail.com\" class=\"elementor-icon\" tabindex=\"-1\" aria-label=\"Courriel\">\n\t\t\t\t<svg aria-hidden=\"true\" class=\"e-font-icon-svg e-fas-envelope\" viewBox=\"0 0 512 512\" xmlns=\"http:\/\/www.w3.org\/2000\/svg\"><path d=\"M502.3 190.8c3.9-3.1 9.7-.2 9.7 4.7V400c0 26.5-21.5 48-48 48H48c-26.5 0-48-21.5-48-48V195.6c0-5 5.7-7.8 9.7-4.7 22.4 17.4 52.1 39.5 154.1 113.6 21.1 15.4 56.7 47.8 92.2 47.6 35.7.3 72-32.8 92.3-47.6 102-74.1 131.6-96.3 154-113.7zM256 320c23.2.4 56.6-29.2 73.4-41.4 132.7-96.3 142.8-104.7 173.4-128.7 5.8-4.5 9.2-11.5 9.2-18.9v-19c0-26.5-21.5-48-48-48H48C21.5 64 0 85.5 0 112v19c0 7.4 3.4 14.3 9.2 18.9 30.6 23.9 40.7 32.4 173.4 128.7 16.8 12.2 50.2 41.8 73.4 41.4z\"><\/path><\/svg>\t\t\t\t<\/a>\n\t\t\t<\/div>\n\t\t\t\n\t\t\t\t\t\t<div class=\"elementor-icon-box-content\">\n\n\t\t\t\t\t\t\t\t\t<h3 class=\"elementor-icon-box-title\">\n\t\t\t\t\t\t<a href=\"mailto:ivan.boban0@gmail.com\" >\n\t\t\t\t\t\t\tCourriel\t\t\t\t\t\t<\/a>\n\t\t\t\t\t<\/h3>\n\t\t\t\t\n\t\t\t\t\t\t\t\t\t<p class=\"elementor-icon-box-description\">\n\t\t\t\t\t\tivan.boban0@gmail.com\t\t\t\t\t<\/p>\n\t\t\t\t\n\t\t\t<\/div>\n\t\t\t\n\t\t<\/div>\n\t\t\t\t\t\t<\/div>\n\t\t\t\t<\/div>\n\t\t<div class=\"elementor-element elementor-element-300a296a e-con-full e-flex e-con e-child\" data-id=\"300a296a\" data-element_type=\"container\">\n\t\t\t\t<div class=\"elementor-element elementor-element-1d9a4a80 elementor-position-left elementor-view-default elementor-mobile-position-top elementor-vertical-align-top elementor-widget elementor-widget-icon-box\" data-id=\"1d9a4a80\" data-element_type=\"widget\" data-widget_type=\"icon-box.default\">\n\t\t\t\t\t\t\t<div class=\"elementor-icon-box-wrapper\">\n\n\t\t\t\t\t\t<div class=\"elementor-icon-box-icon\">\n\t\t\t\t<span  class=\"elementor-icon\">\n\t\t\t\t<svg aria-hidden=\"true\" class=\"e-font-icon-svg e-fas-phone-alt\" viewBox=\"0 0 512 512\" xmlns=\"http:\/\/www.w3.org\/2000\/svg\"><path d=\"M497.39 361.8l-112-48a24 24 0 0 0-28 6.9l-49.6 60.6A370.66 370.66 0 0 1 130.6 204.11l60.6-49.6a23.94 23.94 0 0 0 6.9-28l-48-112A24.16 24.16 0 0 0 122.6.61l-104 24A24 24 0 0 0 0 48c0 256.5 207.9 464 464 464a24 24 0 0 0 23.4-18.6l24-104a24.29 24.29 0 0 0-14.01-27.6z\"><\/path><\/svg>\t\t\t\t<\/span>\n\t\t\t<\/div>\n\t\t\t\n\t\t\t\t\t\t<div class=\"elementor-icon-box-content\">\n\n\t\t\t\t\t\t\t\t\t<h3 class=\"elementor-icon-box-title\">\n\t\t\t\t\t\t<span  >\n\t\t\t\t\t\t\tT\u00e9l\u00e9phone\t\t\t\t\t\t<\/span>\n\t\t\t\t\t<\/h3>\n\t\t\t\t\n\t\t\t\t\t\t\t\t\t<p class=\"elementor-icon-box-description\">\n\t\t\t\t\t\t+385 98 933 0024\t\t\t\t\t<\/p>\n\t\t\t\t\n\t\t\t<\/div>\n\t\t\t\n\t\t<\/div>\n\t\t\t\t\t\t<\/div>\n\t\t\t\t<\/div>\n\t\t<div class=\"elementor-element elementor-element-57903629 e-con-full e-flex e-con e-child\" data-id=\"57903629\" data-element_type=\"container\">\n\t\t\t\t<div class=\"elementor-element elementor-element-870933d elementor-position-left elementor-view-default elementor-mobile-position-top elementor-vertical-align-top elementor-widget elementor-widget-icon-box\" data-id=\"870933d\" data-element_type=\"widget\" data-widget_type=\"icon-box.default\">\n\t\t\t\t\t\t\t<div class=\"elementor-icon-box-wrapper\">\n\n\t\t\t\t\t\t<div class=\"elementor-icon-box-icon\">\n\t\t\t\t<span  class=\"elementor-icon\">\n\t\t\t\t<svg aria-hidden=\"true\" class=\"e-font-icon-svg e-fas-map-marker-alt\" viewBox=\"0 0 384 512\" xmlns=\"http:\/\/www.w3.org\/2000\/svg\"><path d=\"M172.268 501.67C26.97 291.031 0 269.413 0 192 0 85.961 85.961 0 192 0s192 85.961 192 192c0 77.413-26.97 99.031-172.268 309.67-9.535 13.774-29.93 13.773-39.464 0zM192 272c44.183 0 80-35.817 80-80s-35.817-80-80-80-80 35.817-80 80 35.817 80 80 80z\"><\/path><\/svg>\t\t\t\t<\/span>\n\t\t\t<\/div>\n\t\t\t\n\t\t\t\t\t\t<div class=\"elementor-icon-box-content\">\n\n\t\t\t\t\t\t\t\t\t<h3 class=\"elementor-icon-box-title\">\n\t\t\t\t\t\t<span  >\n\t\t\t\t\t\t\tAdresse\t\t\t\t\t\t<\/span>\n\t\t\t\t\t<\/h3>\n\t\t\t\t\n\t\t\t\t\t\t\t\t\t<p class=\"elementor-icon-box-description\">\n\t\t\t\t\t\tNehajska ulica 42, Zagreb\t\t\t\t\t<\/p>\n\t\t\t\t\n\t\t\t<\/div>\n\t\t\t\n\t\t<\/div>\n\t\t\t\t\t\t<\/div>\n\t\t\t\t<\/div>\n\t\t\t\t<\/div>\n\t\t<div class=\"elementor-element elementor-element-3cfbe0f5 e-con-full e-flex e-con e-child\" data-id=\"3cfbe0f5\" data-element_type=\"container\">\n\t\t<div class=\"elementor-element elementor-element-7f892ea e-con-full e-flex e-con e-child\" data-id=\"7f892ea\" data-element_type=\"container\">\n\t\t\t\t<div class=\"elementor-element elementor-element-02bf72c elementor-widget elementor-widget-heading\" data-id=\"02bf72c\" data-element_type=\"widget\" data-widget_type=\"heading.default\">\n\t\t\t\t\t<h2 class=\"elementor-heading-title elementor-size-default\">Envoyez-nous un message<\/h2>\t\t\t\t<\/div>\n\t\t\t\t<div class=\"elementor-element elementor-element-083e8ee elementor-mobile-button-align-stretch elementor-button-align-stretch elementor-widget elementor-widget-form\" data-id=\"083e8ee\" data-element_type=\"widget\" data-settings=\"{&quot;step_next_label&quot;:&quot;Suivant&quot;,&quot;step_previous_label&quot;:&quot;Retour&quot;,&quot;button_width&quot;:&quot;100&quot;,&quot;step_type&quot;:&quot;number_text&quot;,&quot;step_icon_shape&quot;:&quot;circle&quot;}\" data-widget_type=\"form.default\">\n\t\t\t\t\t\t\t<form class=\"elementor-form\" method=\"post\" name=\"Formulaire de contact\" aria-label=\"Formulaire de contact\">\n\t\t\t<input type=\"hidden\" name=\"post_id\" value=\"3633\"\/>\n\t\t\t<input type=\"hidden\" name=\"form_id\" value=\"083e8ee\"\/>\n\t\t\t<input type=\"hidden\" name=\"referer_title\" value=\"Contact - Casa de Dinca Zagreb\" \/>\n\n\t\t\t\t\t\t\t<input type=\"hidden\" name=\"queried_id\" value=\"3633\"\/>\n\t\t\t\n\t\t\t<div class=\"elementor-form-fields-wrapper elementor-labels-above\">\n\t\t\t\t\t\t\t\t<div class=\"elementor-field-type-text elementor-field-group elementor-column elementor-field-group-ime elementor-col-100\">\n\t\t\t\t\t\t\t\t\t\t\t\t<label for=\"form-field-ime\" class=\"elementor-field-label\">\n\t\t\t\t\t\t\t\tNom\t\t\t\t\t\t\t<\/label>\n\t\t\t\t\t\t\t\t\t\t\t\t\t\t<input size=\"1\" type=\"text\" name=\"form_fields[ime]\" id=\"form-field-ime\" class=\"elementor-field elementor-size-sm  elementor-field-textual\">\n\t\t\t\t\t\t\t\t\t\t\t<\/div>\n\t\t\t\t\t\t\t\t<div class=\"elementor-field-type-email elementor-field-group elementor-column elementor-field-group-email elementor-col-100 elementor-field-required\">\n\t\t\t\t\t\t\t\t\t\t\t\t<label for=\"form-field-email\" class=\"elementor-field-label\">\n\t\t\t\t\t\t\t\tE-mail\t\t\t\t\t\t\t<\/label>\n\t\t\t\t\t\t\t\t\t\t\t\t\t\t<input size=\"1\" type=\"email\" name=\"form_fields[email]\" id=\"form-field-email\" class=\"elementor-field elementor-size-sm  elementor-field-textual\" required=\"required\">\n\t\t\t\t\t\t\t\t\t\t\t<\/div>\n\t\t\t\t\t\t\t\t<div class=\"elementor-field-type-textarea elementor-field-group elementor-column elementor-field-group-poruka elementor-col-100\">\n\t\t\t\t\t\t\t\t\t\t\t\t<label for=\"form-field-poruka\" class=\"elementor-field-label\">\n\t\t\t\t\t\t\t\tMessage\t\t\t\t\t\t\t<\/label>\n\t\t\t\t\t\t<textarea class=\"elementor-field-textual elementor-field  elementor-size-sm\" name=\"form_fields[poruka]\" id=\"form-field-poruka\" rows=\"4\" placeholder=\"Tapez votre message...\"><\/textarea>\t\t\t\t<\/div>\n\t\t\t\t\t\t\t\t<div class=\"elementor-field-group elementor-column elementor-field-type-submit elementor-col-100 e-form__buttons\">\n\t\t\t\t\t<button class=\"elementor-button elementor-size-sm\" type=\"submit\">\n\t\t\t\t\t\t<span class=\"elementor-button-content-wrapper\">\n\t\t\t\t\t\t\t\t\t\t\t\t\t\t\t\t\t\t\t\t\t\t<span class=\"elementor-button-text\">Envoyer<\/span>\n\t\t\t\t\t\t\t\t\t\t\t\t\t<\/span>\n\t\t\t\t\t<\/button>\n\t\t\t\t<\/div>\n\t\t\t<\/div>\n\t\t<\/form>\n\t\t\t\t\t\t<\/div>\n\t\t\t\t<\/div>\n\t\t\t\t<\/div>\n\t\t\t\t<\/div>\n\t\t\t\t\t<\/div>\n\t\t\t\t<\/div>\n\t\t<div class=\"elementor-element elementor-element-d7fe977 e-con-full e-flex e-con e-parent\" data-id=\"d7fe977\" data-element_type=\"container\">\n\t\t\t\t<div class=\"elementor-element elementor-element-b4268e0 elementor-widget__width-inherit elementor-widget elementor-widget-google_maps\" data-id=\"b4268e0\" data-element_type=\"widget\" data-widget_type=\"google_maps.default\">\n\t\t\t\t\t\t\t<div class=\"elementor-custom-embed\">\n\t\t\t<iframe loading=\"lazy\"\n\t\t\t\t\tsrc=\"https:\/\/maps.google.com\/maps?q=Nehajska%20ulica%2042%2C%20Zagreb&#038;t=m&#038;z=14&#038;output=embed&#038;iwloc=near\"\n\t\t\t\t\ttitle=\"Nehajska ulica 42, Zagreb\"\n\t\t\t\t\taria-label=\"Nehajska ulica 42, Zagreb\"\n\t\t\t><\/iframe>\n\t\t<\/div>\n\t\t\t\t\t\t<\/div>\n\t\t\t\t<\/div>\n\t\t\t\t<\/div>\n\t\t","protected":false},"excerpt":{"rendered":"<p>Contactez-nous Pour toute question ou information, n&rsquo;h\u00e9sitez pas \u00e0 nous contacter. Nous sommes toujours l\u00e0 pour vous aider. Courriel ivan.boban0@gmail.com T\u00e9l\u00e9phone +385 98 933 0024 Adresse Nehajska ulica 42, Zagreb Envoyez-nous un message<\/p>\n","protected":false},"author":1,"featured_media":0,"parent":0,"menu_order":0,"comment_status":"closed","ping_status":"closed","template":"","meta":{"footnotes":""},"class_list":["post-3633","page","type-page","status-publish","hentry"],"yoast_head":"<!-- This site is optimized with the Yoast SEO plugin v25.8 - https:\/\/yoast.com\/wordpress\/plugins\/seo\/ -->\n<title>Contact - Casa de Dinca Zagreb<\/title>\n<meta name=\"robots\" content=\"index, follow, max-snippet:-1, max-image-preview:large, max-video-preview:-1\" \/>\n<link rel=\"canonical\" href=\"https:\/\/www.casa-de-dinca.com\/contact\/\" \/>\n<meta property=\"og:locale\" content=\"fr_FR\" \/>\n<meta property=\"og:type\" content=\"article\" \/>\n<meta property=\"og:title\" content=\"Contact - Casa de Dinca Zagreb\" \/>\n<meta property=\"og:description\" content=\"Contactez-nous Pour toute question ou information, n&rsquo;h\u00e9sitez pas \u00e0 nous contacter. Nous sommes toujours l\u00e0 pour vous aider. Courriel ivan.boban0@gmail.com T\u00e9l\u00e9phone +385 98 933 0024 Adresse Nehajska ulica 42, Zagreb Envoyez-nous un message\" \/>\n<meta property=\"og:url\" content=\"https:\/\/www.casa-de-dinca.com\/contact\/\" \/>\n<meta property=\"og:site_name\" content=\"Casa de Dinca Zagreb\" \/>\n<meta property=\"article:modified_time\" content=\"2025-09-05T11:44:31+00:00\" \/>\n<meta property=\"og:image\" content=\"https:\/\/www.casa-de-dinca.com\/wp-content\/uploads\/2025\/09\/social-share-dinca.jpg\" \/>\n\t<meta property=\"og:image:width\" content=\"1200\" \/>\n\t<meta property=\"og:image:height\" content=\"675\" \/>\n\t<meta property=\"og:image:type\" content=\"image\/jpeg\" \/>\n<meta name=\"twitter:card\" content=\"summary_large_image\" \/>\n<script type=\"application\/ld+json\" class=\"yoast-schema-graph\">{\"@context\":\"https:\/\/schema.org\",\"@graph\":[{\"@type\":\"WebPage\",\"@id\":\"https:\/\/www.casa-de-dinca.com\/contact\/\",\"url\":\"https:\/\/www.casa-de-dinca.com\/contact\/\",\"name\":\"Contact - Casa de Dinca Zagreb\",\"isPartOf\":{\"@id\":\"https:\/\/www.casa-de-dinca.com\/#website\"},\"datePublished\":\"2025-07-29T12:15:48+00:00\",\"dateModified\":\"2025-09-05T11:44:31+00:00\",\"breadcrumb\":{\"@id\":\"https:\/\/www.casa-de-dinca.com\/contact\/#breadcrumb\"},\"inLanguage\":\"fr-FR\",\"potentialAction\":[{\"@type\":\"ReadAction\",\"target\":[\"https:\/\/www.casa-de-dinca.com\/contact\/\"]}]},{\"@type\":\"BreadcrumbList\",\"@id\":\"https:\/\/www.casa-de-dinca.com\/contact\/#breadcrumb\",\"itemListElement\":[{\"@type\":\"ListItem\",\"position\":1,\"name\":\"Home\",\"item\":\"https:\/\/www.casa-de-dinca.com\/\"},{\"@type\":\"ListItem\",\"position\":2,\"name\":\"Contact\"}]},{\"@type\":\"WebSite\",\"@id\":\"https:\/\/www.casa-de-dinca.com\/#website\",\"url\":\"https:\/\/www.casa-de-dinca.com\/\",\"name\":\"Casa de Dinca Zagreb\",\"description\":\"Direct booking\",\"publisher\":{\"@id\":\"https:\/\/www.casa-de-dinca.com\/#organization\"},\"potentialAction\":[{\"@type\":\"SearchAction\",\"target\":{\"@type\":\"EntryPoint\",\"urlTemplate\":\"https:\/\/www.casa-de-dinca.com\/?s={search_term_string}\"},\"query-input\":{\"@type\":\"PropertyValueSpecification\",\"valueRequired\":true,\"valueName\":\"search_term_string\"}}],\"inLanguage\":\"fr-FR\"},{\"@type\":\"Organization\",\"@id\":\"https:\/\/www.casa-de-dinca.com\/#organization\",\"name\":\"Casa de Dinca Zagreb\",\"url\":\"https:\/\/www.casa-de-dinca.com\/\",\"logo\":{\"@type\":\"ImageObject\",\"inLanguage\":\"fr-FR\",\"@id\":\"https:\/\/www.casa-de-dinca.com\/#\/schema\/logo\/image\/\",\"url\":\"https:\/\/www.casa-de-dinca.com\/wp-content\/uploads\/2025\/07\/logo-casa-de-dinca.png\",\"contentUrl\":\"https:\/\/www.casa-de-dinca.com\/wp-content\/uploads\/2025\/07\/logo-casa-de-dinca.png\",\"width\":222,\"height\":58,\"caption\":\"Casa de Dinca Zagreb\"},\"image\":{\"@id\":\"https:\/\/www.casa-de-dinca.com\/#\/schema\/logo\/image\/\"}}]}<\/script>\n<!-- \/ Yoast SEO plugin. -->","yoast_head_json":{"title":"Contact - Casa de Dinca Zagreb","robots":{"index":"index","follow":"follow","max-snippet":"max-snippet:-1","max-image-preview":"max-image-preview:large","max-video-preview":"max-video-preview:-1"},"canonical":"https:\/\/www.casa-de-dinca.com\/contact\/","og_locale":"fr_FR","og_type":"article","og_title":"Contact - Casa de Dinca Zagreb","og_description":"Contactez-nous Pour toute question ou information, n&rsquo;h\u00e9sitez pas \u00e0 nous contacter. Nous sommes toujours l\u00e0 pour vous aider. Courriel ivan.boban0@gmail.com T\u00e9l\u00e9phone +385 98 933 0024 Adresse Nehajska ulica 42, Zagreb Envoyez-nous un message","og_url":"https:\/\/www.casa-de-dinca.com\/contact\/","og_site_name":"Casa de Dinca Zagreb","article_modified_time":"2025-09-05T11:44:31+00:00","og_image":[{"width":1200,"height":675,"url":"https:\/\/www.casa-de-dinca.com\/wp-content\/uploads\/2025\/09\/social-share-dinca.jpg","type":"image\/jpeg"}],"twitter_card":"summary_large_image","schema":{"@context":"https:\/\/schema.org","@graph":[{"@type":"WebPage","@id":"https:\/\/www.casa-de-dinca.com\/contact\/","url":"https:\/\/www.casa-de-dinca.com\/contact\/","name":"Contact - Casa de Dinca Zagreb","isPartOf":{"@id":"https:\/\/www.casa-de-dinca.com\/#website"},"datePublished":"2025-07-29T12:15:48+00:00","dateModified":"2025-09-05T11:44:31+00:00","breadcrumb":{"@id":"https:\/\/www.casa-de-dinca.com\/contact\/#breadcrumb"},"inLanguage":"fr-FR","potentialAction":[{"@type":"ReadAction","target":["https:\/\/www.casa-de-dinca.com\/contact\/"]}]},{"@type":"BreadcrumbList","@id":"https:\/\/www.casa-de-dinca.com\/contact\/#breadcrumb","itemListElement":[{"@type":"ListItem","position":1,"name":"Home","item":"https:\/\/www.casa-de-dinca.com\/"},{"@type":"ListItem","position":2,"name":"Contact"}]},{"@type":"WebSite","@id":"https:\/\/www.casa-de-dinca.com\/#website","url":"https:\/\/www.casa-de-dinca.com\/","name":"Casa de Dinca Zagreb","description":"Direct booking","publisher":{"@id":"https:\/\/www.casa-de-dinca.com\/#organization"},"potentialAction":[{"@type":"SearchAction","target":{"@type":"EntryPoint","urlTemplate":"https:\/\/www.casa-de-dinca.com\/?s={search_term_string}"},"query-input":{"@type":"PropertyValueSpecification","valueRequired":true,"valueName":"search_term_string"}}],"inLanguage":"fr-FR"},{"@type":"Organization","@id":"https:\/\/www.casa-de-dinca.com\/#organization","name":"Casa de Dinca Zagreb","url":"https:\/\/www.casa-de-dinca.com\/","logo":{"@type":"ImageObject","inLanguage":"fr-FR","@id":"https:\/\/www.casa-de-dinca.com\/#\/schema\/logo\/image\/","url":"https:\/\/www.casa-de-dinca.com\/wp-content\/uploads\/2025\/07\/logo-casa-de-dinca.png","contentUrl":"https:\/\/www.casa-de-dinca.com\/wp-content\/uploads\/2025\/07\/logo-casa-de-dinca.png","width":222,"height":58,"caption":"Casa de Dinca Zagreb"},"image":{"@id":"https:\/\/www.casa-de-dinca.com\/#\/schema\/logo\/image\/"}}]}},"_links":{"self":[{"href":"https:\/\/www.casa-de-dinca.com\/fr\/wp-json\/wp\/v2\/pages\/3633","targetHints":{"allow":["GET"]}}],"collection":[{"href":"https:\/\/www.casa-de-dinca.com\/fr\/wp-json\/wp\/v2\/pages"}],"about":[{"href":"https:\/\/www.casa-de-dinca.com\/fr\/wp-json\/wp\/v2\/types\/page"}],"author":[{"embeddable":true,"href":"https:\/\/www.casa-de-dinca.com\/fr\/wp-json\/wp\/v2\/users\/1"}],"replies":[{"embeddable":true,"href":"https:\/\/www.casa-de-dinca.com\/fr\/wp-json\/wp\/v2\/comments?post=3633"}],"version-history":[{"count":19,"href":"https:\/\/www.casa-de-dinca.com\/fr\/wp-json\/wp\/v2\/pages\/3633\/revisions"}],"predecessor-version":[{"id":4094,"href":"https:\/\/www.casa-de-dinca.com\/fr\/wp-json\/wp\/v2\/pages\/3633\/revisions\/4094"}],"wp:attachment":[{"href":"https:\/\/www.casa-de-dinca.com\/fr\/wp-json\/wp\/v2\/media?parent=3633"}],"curies":[{"name":"wp","href":"https:\/\/api.w.org\/{rel}","templated":true}]}}