{"id":3815,"date":"2025-07-29T14:15:48","date_gmt":"2025-07-29T12:15:48","guid":{"rendered":"https:\/\/www.casa-de-dinca.com\/rezervacije\/"},"modified":"2025-08-13T08:28:07","modified_gmt":"2025-08-13T06:28:07","slug":"jetzt-buchen","status":"publish","type":"page","link":"https:\/\/www.casa-de-dinca.com\/de\/jetzt-buchen\/","title":{"rendered":"Jetzt Buchen"},"content":{"rendered":"\t\t<div data-elementor-type=\"wp-page\" data-elementor-id=\"3815\" class=\"elementor elementor-3815 elementor-49\" data-elementor-post-type=\"page\">\n\t\t\t\t<div class=\"elementor-element elementor-element-d0a7786 e-flex e-con-boxed e-con e-parent\" data-id=\"d0a7786\" data-element_type=\"container\" data-settings=\"{&quot;background_background&quot;:&quot;classic&quot;}\">\n\t\t\t\t\t<div class=\"e-con-inner\">\n\t\t<div class=\"elementor-element elementor-element-4715bf2 e-con-full e-flex e-con e-child\" data-id=\"4715bf2\" data-element_type=\"container\">\n\t\t\t\t<div class=\"elementor-element elementor-element-98e15c1 elementor-widget elementor-widget-heading\" data-id=\"98e15c1\" data-element_type=\"widget\" data-widget_type=\"heading.default\">\n\t\t\t\t\t<h2 class=\"elementor-heading-title elementor-size-default\">Jetzt Buchen<\/h2>\t\t\t\t<\/div>\n\t\t\t\t<div class=\"elementor-element elementor-element-fbb2264 elementor-widget elementor-widget-text-editor\" data-id=\"fbb2264\" data-element_type=\"widget\" data-widget_type=\"text-editor.default\">\n\t\t\t\t\t\t\t\t\t<p>Unsere Zimmer sind mit allen notwendigen Annehmlichkeiten f\u00fcr Ihren Komfort und Ihr Wohlbefinden ausgestattet.<\/p>\t\t\t\t\t\t\t\t<\/div>\n\t\t\t\t<\/div>\n\t\t\t\t\t<\/div>\n\t\t\t\t<\/div>\n\t\t<div class=\"elementor-element elementor-element-3ee3c55 e-flex e-con-boxed e-con e-parent\" data-id=\"3ee3c55\" data-element_type=\"container\">\n\t\t\t\t\t<div class=\"e-con-inner\">\n\t\t\t\t<div class=\"elementor-element elementor-element-aa27016 elementor-widget elementor-widget-shortcode\" data-id=\"aa27016\" data-element_type=\"widget\" data-widget_type=\"shortcode.default\">\n\t\t\t\t\t\t\t<div class=\"elementor-shortcode\"><\/div>\n\t\t\t\t\t\t<\/div>\n\t\t\t\t\t<\/div>\n\t\t\t\t<\/div>\n\t\t<div class=\"elementor-element elementor-element-3921eabf e-flex e-con-boxed e-con e-parent\" data-id=\"3921eabf\" data-element_type=\"container\" data-settings=\"{&quot;background_background&quot;:&quot;classic&quot;}\">\n\t\t\t\t\t<div class=\"e-con-inner\">\n\t\t<div class=\"elementor-element elementor-element-67d7b869 e-flex e-con-boxed e-con e-child\" data-id=\"67d7b869\" data-element_type=\"container\" data-settings=\"{&quot;background_background&quot;:&quot;classic&quot;}\">\n\t\t\t\t\t<div class=\"e-con-inner\">\n\t\t\t\t<div class=\"elementor-element elementor-element-3e6039a9 elementor-widget elementor-widget-heading\" data-id=\"3e6039a9\" data-element_type=\"widget\" data-widget_type=\"heading.default\">\n\t\t\t\t\t<h2 class=\"elementor-heading-title elementor-size-default\">Direkt Buchen \u2013 Beste Preise &amp; \u00dcbernachtungsrabatt<\/h2>\t\t\t\t<\/div>\n\t\t\t\t<div class=\"elementor-element elementor-element-4cef80c9 elementor-widget elementor-widget-text-editor\" data-id=\"4cef80c9\" data-element_type=\"widget\" data-widget_type=\"text-editor.default\">\n\t\t\t\t\t\t\t\t\t<p>Wenn Sie \u00fcber unsere Website buchen, sichern Sie sich den besten Preis und einen exklusiven Rabatt auf Ihren Aufenthalt. Genie\u00dfen Sie Ihren Aufenthalt ohne versteckte Geb\u00fchren oder zus\u00e4tzliche Kosten \u2013 das beste Angebot wartet direkt hier auf Sie.<\/p>\t\t\t\t\t\t\t\t<\/div>\n\t\t\t\t\t<\/div>\n\t\t\t\t<\/div>\n\t\t\t\t\t<\/div>\n\t\t\t\t<\/div>\n\t\t\t\t<\/div>\n\t\t","protected":false},"excerpt":{"rendered":"<p>Jetzt Buchen Unsere Zimmer sind mit allen notwendigen Annehmlichkeiten f\u00fcr Ihren Komfort und Ihr Wohlbefinden ausgestattet. Direkt Buchen \u2013 Beste Preise &amp; \u00dcbernachtungsrabatt Wenn Sie \u00fcber unsere Website buchen, sichern Sie sich den besten Preis und einen exklusiven Rabatt auf Ihren Aufenthalt. Genie\u00dfen Sie Ihren Aufenthalt ohne versteckte Geb\u00fchren oder zus\u00e4tzliche Kosten \u2013 das beste [&hellip;]<\/p>\n","protected":false},"author":1,"featured_media":0,"parent":0,"menu_order":0,"comment_status":"closed","ping_status":"closed","template":"","meta":{"footnotes":""},"class_list":["post-3815","page","type-page","status-publish","hentry"],"yoast_head":"<!-- This site is optimized with the Yoast SEO plugin v25.8 - https:\/\/yoast.com\/wordpress\/plugins\/seo\/ -->\n<title>Jetzt Buchen - Casa de Dinca Zagreb<\/title>\n<meta name=\"robots\" content=\"index, follow, max-snippet:-1, max-image-preview:large, max-video-preview:-1\" \/>\n<link rel=\"canonical\" href=\"https:\/\/www.casa-de-dinca.com\/rezervacije\/\" \/>\n<meta property=\"og:locale\" content=\"de_DE\" \/>\n<meta property=\"og:type\" content=\"article\" \/>\n<meta property=\"og:title\" content=\"Jetzt Buchen - Casa de Dinca Zagreb\" \/>\n<meta property=\"og:description\" content=\"Jetzt Buchen Unsere Zimmer sind mit allen notwendigen Annehmlichkeiten f\u00fcr Ihren Komfort und Ihr Wohlbefinden ausgestattet. Direkt Buchen \u2013 Beste Preise &amp; \u00dcbernachtungsrabatt Wenn Sie \u00fcber unsere Website buchen, sichern Sie sich den besten Preis und einen exklusiven Rabatt auf Ihren Aufenthalt. Genie\u00dfen Sie Ihren Aufenthalt ohne versteckte Geb\u00fchren oder zus\u00e4tzliche Kosten \u2013 das beste [&hellip;]\" \/>\n<meta property=\"og:url\" content=\"https:\/\/www.casa-de-dinca.com\/rezervacije\/\" \/>\n<meta property=\"og:site_name\" content=\"Casa de Dinca Zagreb\" \/>\n<meta property=\"article:modified_time\" content=\"2025-08-13T06:28:07+00:00\" \/>\n<meta property=\"og:image\" content=\"https:\/\/www.casa-de-dinca.com\/wp-content\/uploads\/2025\/09\/social-share-dinca.jpg\" \/>\n\t<meta property=\"og:image:width\" content=\"1200\" \/>\n\t<meta property=\"og:image:height\" content=\"675\" \/>\n\t<meta property=\"og:image:type\" content=\"image\/jpeg\" \/>\n<meta name=\"twitter:card\" content=\"summary_large_image\" \/>\n<script type=\"application\/ld+json\" class=\"yoast-schema-graph\">{\"@context\":\"https:\/\/schema.org\",\"@graph\":[{\"@type\":\"WebPage\",\"@id\":\"https:\/\/www.casa-de-dinca.com\/rezervacije\/\",\"url\":\"https:\/\/www.casa-de-dinca.com\/rezervacije\/\",\"name\":\"Jetzt Buchen - Casa de Dinca Zagreb\",\"isPartOf\":{\"@id\":\"https:\/\/www.casa-de-dinca.com\/#website\"},\"datePublished\":\"2025-07-29T12:15:48+00:00\",\"dateModified\":\"2025-08-13T06:28:07+00:00\",\"breadcrumb\":{\"@id\":\"https:\/\/www.casa-de-dinca.com\/rezervacije\/#breadcrumb\"},\"inLanguage\":\"de\",\"potentialAction\":[{\"@type\":\"ReadAction\",\"target\":[\"https:\/\/www.casa-de-dinca.com\/rezervacije\/\"]}]},{\"@type\":\"BreadcrumbList\",\"@id\":\"https:\/\/www.casa-de-dinca.com\/rezervacije\/#breadcrumb\",\"itemListElement\":[{\"@type\":\"ListItem\",\"position\":1,\"name\":\"Home\",\"item\":\"https:\/\/www.casa-de-dinca.com\/\"},{\"@type\":\"ListItem\",\"position\":2,\"name\":\"Jetzt Buchen\"}]},{\"@type\":\"WebSite\",\"@id\":\"https:\/\/www.casa-de-dinca.com\/#website\",\"url\":\"https:\/\/www.casa-de-dinca.com\/\",\"name\":\"Casa de Dinca Zagreb\",\"description\":\"Direct booking\",\"publisher\":{\"@id\":\"https:\/\/www.casa-de-dinca.com\/#organization\"},\"potentialAction\":[{\"@type\":\"SearchAction\",\"target\":{\"@type\":\"EntryPoint\",\"urlTemplate\":\"https:\/\/www.casa-de-dinca.com\/?s={search_term_string}\"},\"query-input\":{\"@type\":\"PropertyValueSpecification\",\"valueRequired\":true,\"valueName\":\"search_term_string\"}}],\"inLanguage\":\"de\"},{\"@type\":\"Organization\",\"@id\":\"https:\/\/www.casa-de-dinca.com\/#organization\",\"name\":\"Casa de Dinca Zagreb\",\"url\":\"https:\/\/www.casa-de-dinca.com\/\",\"logo\":{\"@type\":\"ImageObject\",\"inLanguage\":\"de\",\"@id\":\"https:\/\/www.casa-de-dinca.com\/#\/schema\/logo\/image\/\",\"url\":\"https:\/\/www.casa-de-dinca.com\/wp-content\/uploads\/2025\/07\/logo-casa-de-dinca.png\",\"contentUrl\":\"https:\/\/www.casa-de-dinca.com\/wp-content\/uploads\/2025\/07\/logo-casa-de-dinca.png\",\"width\":222,\"height\":58,\"caption\":\"Casa de Dinca Zagreb\"},\"image\":{\"@id\":\"https:\/\/www.casa-de-dinca.com\/#\/schema\/logo\/image\/\"}}]}<\/script>\n<!-- \/ Yoast SEO plugin. -->","yoast_head_json":{"title":"Jetzt Buchen - Casa de Dinca Zagreb","robots":{"index":"index","follow":"follow","max-snippet":"max-snippet:-1","max-image-preview":"max-image-preview:large","max-video-preview":"max-video-preview:-1"},"canonical":"https:\/\/www.casa-de-dinca.com\/rezervacije\/","og_locale":"de_DE","og_type":"article","og_title":"Jetzt Buchen - Casa de Dinca Zagreb","og_description":"Jetzt Buchen Unsere Zimmer sind mit allen notwendigen Annehmlichkeiten f\u00fcr Ihren Komfort und Ihr Wohlbefinden ausgestattet. Direkt Buchen \u2013 Beste Preise &amp; \u00dcbernachtungsrabatt Wenn Sie \u00fcber unsere Website buchen, sichern Sie sich den besten Preis und einen exklusiven Rabatt auf Ihren Aufenthalt. Genie\u00dfen Sie Ihren Aufenthalt ohne versteckte Geb\u00fchren oder zus\u00e4tzliche Kosten \u2013 das beste [&hellip;]","og_url":"https:\/\/www.casa-de-dinca.com\/rezervacije\/","og_site_name":"Casa de Dinca Zagreb","article_modified_time":"2025-08-13T06:28:07+00:00","og_image":[{"width":1200,"height":675,"url":"https:\/\/www.casa-de-dinca.com\/wp-content\/uploads\/2025\/09\/social-share-dinca.jpg","type":"image\/jpeg"}],"twitter_card":"summary_large_image","schema":{"@context":"https:\/\/schema.org","@graph":[{"@type":"WebPage","@id":"https:\/\/www.casa-de-dinca.com\/rezervacije\/","url":"https:\/\/www.casa-de-dinca.com\/rezervacije\/","name":"Jetzt Buchen - Casa de Dinca Zagreb","isPartOf":{"@id":"https:\/\/www.casa-de-dinca.com\/#website"},"datePublished":"2025-07-29T12:15:48+00:00","dateModified":"2025-08-13T06:28:07+00:00","breadcrumb":{"@id":"https:\/\/www.casa-de-dinca.com\/rezervacije\/#breadcrumb"},"inLanguage":"de","potentialAction":[{"@type":"ReadAction","target":["https:\/\/www.casa-de-dinca.com\/rezervacije\/"]}]},{"@type":"BreadcrumbList","@id":"https:\/\/www.casa-de-dinca.com\/rezervacije\/#breadcrumb","itemListElement":[{"@type":"ListItem","position":1,"name":"Home","item":"https:\/\/www.casa-de-dinca.com\/"},{"@type":"ListItem","position":2,"name":"Jetzt Buchen"}]},{"@type":"WebSite","@id":"https:\/\/www.casa-de-dinca.com\/#website","url":"https:\/\/www.casa-de-dinca.com\/","name":"Casa de Dinca Zagreb","description":"Direct booking","publisher":{"@id":"https:\/\/www.casa-de-dinca.com\/#organization"},"potentialAction":[{"@type":"SearchAction","target":{"@type":"EntryPoint","urlTemplate":"https:\/\/www.casa-de-dinca.com\/?s={search_term_string}"},"query-input":{"@type":"PropertyValueSpecification","valueRequired":true,"valueName":"search_term_string"}}],"inLanguage":"de"},{"@type":"Organization","@id":"https:\/\/www.casa-de-dinca.com\/#organization","name":"Casa de Dinca Zagreb","url":"https:\/\/www.casa-de-dinca.com\/","logo":{"@type":"ImageObject","inLanguage":"de","@id":"https:\/\/www.casa-de-dinca.com\/#\/schema\/logo\/image\/","url":"https:\/\/www.casa-de-dinca.com\/wp-content\/uploads\/2025\/07\/logo-casa-de-dinca.png","contentUrl":"https:\/\/www.casa-de-dinca.com\/wp-content\/uploads\/2025\/07\/logo-casa-de-dinca.png","width":222,"height":58,"caption":"Casa de Dinca Zagreb"},"image":{"@id":"https:\/\/www.casa-de-dinca.com\/#\/schema\/logo\/image\/"}}]}},"_links":{"self":[{"href":"https:\/\/www.casa-de-dinca.com\/de\/wp-json\/wp\/v2\/pages\/3815","targetHints":{"allow":["GET"]}}],"collection":[{"href":"https:\/\/www.casa-de-dinca.com\/de\/wp-json\/wp\/v2\/pages"}],"about":[{"href":"https:\/\/www.casa-de-dinca.com\/de\/wp-json\/wp\/v2\/types\/page"}],"author":[{"embeddable":true,"href":"https:\/\/www.casa-de-dinca.com\/de\/wp-json\/wp\/v2\/users\/1"}],"replies":[{"embeddable":true,"href":"https:\/\/www.casa-de-dinca.com\/de\/wp-json\/wp\/v2\/comments?post=3815"}],"version-history":[{"count":9,"href":"https:\/\/www.casa-de-dinca.com\/de\/wp-json\/wp\/v2\/pages\/3815\/revisions"}],"predecessor-version":[{"id":3850,"href":"https:\/\/www.casa-de-dinca.com\/de\/wp-json\/wp\/v2\/pages\/3815\/revisions\/3850"}],"wp:attachment":[{"href":"https:\/\/www.casa-de-dinca.com\/de\/wp-json\/wp\/v2\/media?parent=3815"}],"curies":[{"name":"wp","href":"https:\/\/api.w.org\/{rel}","templated":true}]}}